{"id":92,"date":"2025-01-23T11:13:20","date_gmt":"2025-01-23T11:13:20","guid":{"rendered":"https:\/\/www.fewo-scheffler.de\/index.php\/front_page\/"},"modified":"2025-01-27T10:47:34","modified_gmt":"2025-01-27T09:47:34","slug":"front_page","status":"publish","type":"page","link":"https:\/\/www.fewo-scheffler.de\/","title":{"rendered":"Startseite"},"content":{"rendered":"\n\n\n<h4 class=\"wp-block-heading\">Herzlich Willkommen<\/h4>\n\n\n<div class=\"wp-block-image is-style-default animated backInRight wp-duotone-unset-1\">\n<figure class=\"alignright size-full is-resized\"><a href=\"https:\/\/www.fewo-scheffler.de\/wp-content\/uploads\/2025\/01\/Wir_01_square-scaled.jpg\"><img loading=\"lazy\" decoding=\"async\" width=\"2560\" height=\"2560\" src=\"https:\/\/www.fewo-scheffler.de\/wp-content\/uploads\/2025\/01\/Wir_01_square-scaled.jpg\" alt=\"\" class=\"wp-image-476\" style=\"aspect-ratio:1;object-fit:cover;width:200px\" srcset=\"https:\/\/www.fewo-scheffler.de\/wp-content\/uploads\/2025\/01\/Wir_01_square-scaled.jpg 2560w, https:\/\/www.fewo-scheffler.de\/wp-content\/uploads\/2025\/01\/Wir_01_square-300x300.jpg 300w, https:\/\/www.fewo-scheffler.de\/wp-content\/uploads\/2025\/01\/Wir_01_square-1024x1024.jpg 1024w, https:\/\/www.fewo-scheffler.de\/wp-content\/uploads\/2025\/01\/Wir_01_square-150x150.jpg 150w, https:\/\/www.fewo-scheffler.de\/wp-content\/uploads\/2025\/01\/Wir_01_square-768x768.jpg 768w, https:\/\/www.fewo-scheffler.de\/wp-content\/uploads\/2025\/01\/Wir_01_square-1536x1536.jpg 1536w, https:\/\/www.fewo-scheffler.de\/wp-content\/uploads\/2025\/01\/Wir_01_square-2048x2048.jpg 2048w\" sizes=\"auto, (max-width: 2560px) 100vw, 2560px\" \/><\/a><figcaption class=\"wp-element-caption\">Silvio &amp; Veronika Scheffler<\/figcaption><\/figure><\/div>\n\n\n<p>\u2026in unserer sch\u00f6nen Ferienwohnung, mitten im Gr\u00fcnen. Hier ist Platz zum Relaxen, Fr\u00fchst\u00fcck auf der Terrasse, kurz eine Abk\u00fchlung im klaren Pool und abends auf der Terrasse ein Glas Wein oder ein Bier von der hiesigen Brauerei.<\/p>\n\n\n\n<p>Wir sind Veronika und Silvio Scheffler, wohnen selbst auf dem Grundst\u00fcck und sind f\u00fcr unsere G\u00e4ste immer ansprechbar. Wir haben hier auch eine kleine Tischlerei. Wer gern mal reinschauen m\u00f6chte, ist hier gern gesehen.<br>Zu uns geh\u00f6rt Rudi, unser Hund. Er ist sehr lieb und l\u00e4sst sich nach dem Kennenlernen auch gern verw\u00f6hnen. Gerne k\u00f6nnen Sie auch Ihren Vierbeiner mitbringen.<\/p>\n\n\n\n<p><\/p>\n\n\n\n<h3 class=\"wp-block-heading\">Ferienwohnung &#8222;Pumuckl&#8220;<\/h3>\n\n\n\n<p>Die Ferienwohnung besteht aus einem gro\u00dfen Wohnzimmer mit SAT-TV, WLAN und einer gem\u00fctlichen Sofaecke, welche sich in einen zus\u00e4tzlichen Schlafplatz einrichten l\u00e4sst.<br>Das Schlafzimmer besitzt ein gro\u00dfes Doppelbett, 2,00 m x 1,80 m. Das Bad ist mit einer Dusche (ebenerdig) und mit Fu\u00dfbodenheizung ausgestattet.<br>In der K\u00fcche, mit Blick auf den Garten, kann man die Zeit beim Fr\u00fchst\u00fcck vergessen.<br>Hier ist f\u00fcr die Selbstversorgung ein K\u00fchlschrank, Herd mit Backofen, Mikrowelle und Sp\u00fclmaschine vorhanden. Passendes Geschirr und T\u00f6pfe sowie eine kleine Auswahl an Gew\u00fcrzen sind auch bereitgestellt.<br>Handt\u00fccher, Bettw\u00e4sche und Endreinigung sind im Preis inbegriffen. F\u00fcr unsere G\u00e4ste steht ein Parkplatz auf dem Grundst\u00fcck zur Verf\u00fcgung.<br>Die Ferienwohnung ist eine Nichtraucherwohnung und auch f\u00fcr Monteure gut geeignet. <\/p>\n\n\n<style type=\"text\/css\" scoped>.rbs_gallery_69e0bb347497cSpinner{\r\n\t\t\t\tmargin: 50px auto;\r\n\t\t\t\twidth: 50px;\r\n\t\t\t\theight: 40px;\r\n\t\t\t\ttext-align: center;\r\n\t\t\t\tfont-size: 10px;\r\n\t\t\t}\r\n\t\t\t.rbs_gallery_69e0bb347497cSpinner > div{\r\n\t\t\t  background-color: #333;\r\n\t\t\t  height: 100%;\r\n\t\t\t  width: 6px;\r\n\t\t\t  display: inline-block;\r\n\t\t\t  -webkit-animation: rbs_gallery_69e0bb347497c-stretchdelay 1.2s infinite ease-in-out;\r\n\t\t\t  animation: rbs_gallery_69e0bb347497c-stretchdelay 1.2s infinite ease-in-out;\r\n\t\t\t}\r\n\t\t\t.rbs_gallery_69e0bb347497cSpinner .rbs_gallery_69e0bb347497cRect2 {\r\n\t\t\t  -webkit-animation-delay: -1.1s;\r\n\t\t\t  animation-delay: -1.1s;\r\n\t\t\t}\r\n\t\t\t.rbs_gallery_69e0bb347497cSpinner .rbs_gallery_69e0bb347497cRect3 {\r\n\t\t\t  -webkit-animation-delay: -1.0s;\r\n\t\t\t  animation-delay: -1.0s;\r\n\t\t\t}\r\n\t\t\t.rbs_gallery_69e0bb347497cSpinner .rbs_gallery_69e0bb347497cRect4 {\r\n\t\t\t  -webkit-animation-delay: -0.9s;\r\n\t\t\t  animation-delay: -0.9s;\r\n\t\t\t}\r\n\t\t\t.rbs_gallery_69e0bb347497cSpinner .rbs_gallery_69e0bb347497cRect5 {\r\n\t\t\t  -webkit-animation-delay: -0.8s;\r\n\t\t\t  animation-delay: -0.8s;\r\n\t\t\t}\r\n\t\t\t@-webkit-keyframes rbs_gallery_69e0bb347497c-stretchdelay {\r\n\t\t\t  0%, 40%, 100% { -webkit-transform: scaleY(0.4) }  \r\n\t\t\t  20% { -webkit-transform: scaleY(1.0) }\r\n\t\t\t}\r\n\t\t\t@keyframes rbs_gallery_69e0bb347497c-stretchdelay {\r\n\t\t\t  0%, 40%, 100% { \r\n\t\t\t    transform: scaleY(0.4);\r\n\t\t\t    -webkit-transform: scaleY(0.4);\r\n\t\t\t  }  20% { \r\n\t\t\t    transform: scaleY(1.0);\r\n\t\t\t    -webkit-transform: scaleY(1.0);\r\n\t\t\t  }\r\n\t\t\t}\r\n\t\t<\/style><div class=\"robo-gallery-wrap robo-gallery-wrap-id306 robo-gallery-grid\" ><div id=\"rbs_gallery_69e0bb347497c-block-loader\" class=\"rbs_gallery_69e0bb347497cSpinner\"><div class=\"rbs_gallery_69e0bb347497cRect1\"><\/div> <div class=\"rbs_gallery_69e0bb347497cRect2\"><\/div> <div class=\"rbs_gallery_69e0bb347497cRect3\"><\/div> <div class=\"rbs_gallery_69e0bb347497cRect4\"><\/div> <div class=\"rbs_gallery_69e0bb347497cRect5\"><\/div><\/div><div id=\"robo_gallery_main_block_rbs_gallery_69e0bb347497c\" class=\"robogallery-gallery-306\" style=\"width:100%;margin:0 auto;  display: none;\"><div id=\"rbs_gallery_69e0bb347497c\" data-options=\"rbs_gallery_69e0bb347497c\" style=\"width:100%;\" class=\"robo_gallery  \"><div class=\"rbs-img  category306 \" ><div class=\"rbs-img-image   rbs-lightbox \" ><div class=\"rbs-img-thumbs\"  data-thumbnail=\"https:\/\/www.fewo-scheffler.de\/wp-content\/uploads\/2025\/01\/Garten-1-300x225.jpg\"  title=\"Garten\"  data-width=\"300\"  data-height=\"225\" ><\/div><div class=\"rbs-img-data-popup\"  data-popup=\"https:\/\/www.fewo-scheffler.de\/wp-content\/uploads\/2025\/01\/Garten-1-scaled.jpg\"  title=\"Garten\" ><\/div><div class=\"thumbnail-overlay\"><div class=\"rbsIcons\"><i class=\"fa fa-search-plus rbsZoomIcon \" ><\/i><\/div><\/div><\/div><\/div><div class=\"rbs-img  category306 \" ><div class=\"rbs-img-image   rbs-lightbox \" ><div class=\"rbs-img-thumbs\"  data-thumbnail=\"https:\/\/www.fewo-scheffler.de\/wp-content\/uploads\/2025\/01\/Eingang-1-300x217.jpg\"  title=\"Eingang\"  data-width=\"300\"  data-height=\"217\" ><\/div><div class=\"rbs-img-data-popup\"  data-popup=\"https:\/\/www.fewo-scheffler.de\/wp-content\/uploads\/2025\/01\/Eingang-1-scaled.jpg\"  title=\"Eingang\" ><\/div><div class=\"thumbnail-overlay\"><div class=\"rbsIcons\"><i class=\"fa fa-search-plus rbsZoomIcon \" ><\/i><\/div><\/div><\/div><\/div><div class=\"rbs-img  category306 \" ><div class=\"rbs-img-image   rbs-lightbox \" ><div class=\"rbs-img-thumbs\"  data-thumbnail=\"https:\/\/www.fewo-scheffler.de\/wp-content\/uploads\/2025\/01\/WZ_02-1-300x225.jpg\"  title=\"WZ_02\"  data-width=\"300\"  data-height=\"225\" ><\/div><div class=\"rbs-img-data-popup\"  data-popup=\"https:\/\/www.fewo-scheffler.de\/wp-content\/uploads\/2025\/01\/WZ_02-1-scaled.jpg\"  title=\"Wohnzimmer\" ><\/div><div class=\"thumbnail-overlay\"><div class=\"rbsIcons\"><i class=\"fa fa-search-plus rbsZoomIcon \" ><\/i><\/div><\/div><\/div><\/div><div class=\"rbs-img  category306 \" ><div class=\"rbs-img-image   rbs-lightbox \" ><div class=\"rbs-img-thumbs\"  data-thumbnail=\"https:\/\/www.fewo-scheffler.de\/wp-content\/uploads\/2025\/01\/WZ_01-1-300x208.jpg\"  title=\"WZ_01\"  data-width=\"300\"  data-height=\"208\" ><\/div><div class=\"rbs-img-data-popup\"  data-popup=\"https:\/\/www.fewo-scheffler.de\/wp-content\/uploads\/2025\/01\/WZ_01-1-scaled.jpg\"  title=\"Wohnzimmer\" ><\/div><div class=\"thumbnail-overlay\"><div class=\"rbsIcons\"><i class=\"fa fa-search-plus rbsZoomIcon \" ><\/i><\/div><\/div><\/div><\/div><div class=\"rbs-img  category306 \" ><div class=\"rbs-img-image   rbs-lightbox \" ><div class=\"rbs-img-thumbs\"  data-thumbnail=\"https:\/\/www.fewo-scheffler.de\/wp-content\/uploads\/2025\/01\/Bad_02-1-225x300.jpg\"  title=\"Bad_02\"  data-width=\"225\"  data-height=\"300\" ><\/div><div class=\"rbs-img-data-popup\"  data-popup=\"https:\/\/www.fewo-scheffler.de\/wp-content\/uploads\/2025\/01\/Bad_02-1-scaled.jpg\"  title=\"Badezimmer\" ><\/div><div class=\"thumbnail-overlay\"><div class=\"rbsIcons\"><i class=\"fa fa-search-plus rbsZoomIcon \" ><\/i><\/div><\/div><\/div><\/div><div class=\"rbs-img  category306 \" ><div class=\"rbs-img-image   rbs-lightbox \" ><div class=\"rbs-img-thumbs\"  data-thumbnail=\"https:\/\/www.fewo-scheffler.de\/wp-content\/uploads\/2025\/01\/Bad_01-1-216x300.jpg\"  title=\"Bad_01\"  data-width=\"216\"  data-height=\"300\" ><\/div><div class=\"rbs-img-data-popup\"  data-popup=\"https:\/\/www.fewo-scheffler.de\/wp-content\/uploads\/2025\/01\/Bad_01-1-scaled.jpg\"  title=\"Badezimmer\" ><\/div><div class=\"thumbnail-overlay\"><div class=\"rbsIcons\"><i class=\"fa fa-search-plus rbsZoomIcon \" ><\/i><\/div><\/div><\/div><\/div><div class=\"rbs-img  category306 \" ><div class=\"rbs-img-image   rbs-lightbox \" ><div class=\"rbs-img-thumbs\"  data-thumbnail=\"https:\/\/www.fewo-scheffler.de\/wp-content\/uploads\/2025\/01\/SZ-1-218x300.jpg\"  title=\"SZ\"  data-width=\"218\"  data-height=\"300\" ><\/div><div class=\"rbs-img-data-popup\"  data-popup=\"https:\/\/www.fewo-scheffler.de\/wp-content\/uploads\/2025\/01\/SZ-1-scaled.jpg\"  title=\"Schlafzimmer\" ><\/div><div class=\"thumbnail-overlay\"><div class=\"rbsIcons\"><i class=\"fa fa-search-plus rbsZoomIcon \" ><\/i><\/div><\/div><\/div><\/div><div class=\"rbs-img  category306 \" ><div class=\"rbs-img-image   rbs-lightbox \" ><div class=\"rbs-img-thumbs\"  data-thumbnail=\"https:\/\/www.fewo-scheffler.de\/wp-content\/uploads\/2025\/01\/Kueche_02-1-300x225.jpg\"  title=\"Kueche_02\"  data-width=\"300\"  data-height=\"225\" ><\/div><div class=\"rbs-img-data-popup\"  data-popup=\"https:\/\/www.fewo-scheffler.de\/wp-content\/uploads\/2025\/01\/Kueche_02-1-scaled.jpg\"  title=\"K\u00fcche\" ><\/div><div class=\"thumbnail-overlay\"><div class=\"rbsIcons\"><i class=\"fa fa-search-plus rbsZoomIcon \" ><\/i><\/div><\/div><\/div><\/div><div class=\"rbs-img  category306 \" ><div class=\"rbs-img-image   rbs-lightbox \" ><div class=\"rbs-img-thumbs\"  data-thumbnail=\"https:\/\/www.fewo-scheffler.de\/wp-content\/uploads\/2025\/01\/Kueche_01-1-225x300.jpg\"  title=\"Kueche_01\"  data-width=\"225\"  data-height=\"300\" ><\/div><div class=\"rbs-img-data-popup\"  data-popup=\"https:\/\/www.fewo-scheffler.de\/wp-content\/uploads\/2025\/01\/Kueche_01-1-scaled.jpg\"  title=\"K\u00fcche\" ><\/div><div class=\"thumbnail-overlay\"><div class=\"rbsIcons\"><i class=\"fa fa-search-plus rbsZoomIcon \" ><\/i><\/div><\/div><\/div><\/div><div class=\"rbs-img  category306 \" ><div class=\"rbs-img-image   rbs-lightbox \" ><div class=\"rbs-img-thumbs\"  data-thumbnail=\"https:\/\/www.fewo-scheffler.de\/wp-content\/uploads\/2025\/01\/Flur_01-1-300x225.jpg\"  title=\"Flur_01\"  data-width=\"300\"  data-height=\"225\" ><\/div><div class=\"rbs-img-data-popup\"  data-popup=\"https:\/\/www.fewo-scheffler.de\/wp-content\/uploads\/2025\/01\/Flur_01-1-scaled.jpg\"  title=\"Flur\" ><\/div><div class=\"thumbnail-overlay\"><div class=\"rbsIcons\"><i class=\"fa fa-search-plus rbsZoomIcon \" ><\/i><\/div><\/div><\/div><\/div><div class=\"rbs-img  category306 \" ><div class=\"rbs-img-image   rbs-lightbox \" ><div class=\"rbs-img-thumbs\"  data-thumbnail=\"https:\/\/www.fewo-scheffler.de\/wp-content\/uploads\/2025\/01\/Flur_02-1-300x225.jpg\"  title=\"Flur_02\"  data-width=\"300\"  data-height=\"225\" ><\/div><div class=\"rbs-img-data-popup\"  data-popup=\"https:\/\/www.fewo-scheffler.de\/wp-content\/uploads\/2025\/01\/Flur_02-1-scaled.jpg\"  title=\"Flur\" ><\/div><div class=\"thumbnail-overlay\"><div class=\"rbsIcons\"><i class=\"fa fa-search-plus rbsZoomIcon \" ><\/i><\/div><\/div><\/div><\/div><div class=\"rbs-img  category306 \" ><div class=\"rbs-img-image   rbs-lightbox \" ><div class=\"rbs-img-thumbs\"  data-thumbnail=\"https:\/\/www.fewo-scheffler.de\/wp-content\/uploads\/2025\/01\/Terrasse_02-1-300x225.jpg\"  title=\"Terrasse_02\"  data-width=\"300\"  data-height=\"225\" ><\/div><div class=\"rbs-img-data-popup\"  data-popup=\"https:\/\/www.fewo-scheffler.de\/wp-content\/uploads\/2025\/01\/Terrasse_02-1-scaled.jpg\"  title=\"Terrasse\" ><\/div><div class=\"thumbnail-overlay\"><div class=\"rbsIcons\"><i class=\"fa fa-search-plus rbsZoomIcon \" ><\/i><\/div><\/div><\/div><\/div><div class=\"rbs-img  category306 \" ><div class=\"rbs-img-image   rbs-lightbox \" ><div class=\"rbs-img-thumbs\"  data-thumbnail=\"https:\/\/www.fewo-scheffler.de\/wp-content\/uploads\/2025\/01\/Terrasse_01-1-300x225.jpg\"  title=\"Terrasse_01\"  data-width=\"300\"  data-height=\"225\" ><\/div><div class=\"rbs-img-data-popup\"  data-popup=\"https:\/\/www.fewo-scheffler.de\/wp-content\/uploads\/2025\/01\/Terrasse_01-1-scaled.jpg\"  title=\"Terrasse\" ><\/div><div class=\"thumbnail-overlay\"><div class=\"rbsIcons\"><i class=\"fa fa-search-plus rbsZoomIcon \" ><\/i><\/div><\/div><\/div><\/div><\/div><\/div><\/div><script>var rbs_gallery_69e0bb347497c = {\"version\":\"3.2.23\",\"id\":306,\"class\":\"id306\",\"roboGalleryDelay\":1000,\"mainContainer\":\"#robo_gallery_main_block_rbs_gallery_69e0bb347497c\",\"loadingContainer\":\"#rbs_gallery_69e0bb347497c-block-loader\",\"loadingContainerObj\":\"rbs_gallery_69e0bb347497c-block-loader\",\"columnWidth\":\"auto\",\"columns\":3,\"resolutions\":[{\"columnWidth\":\"auto\",\"columns\":3,\"maxWidth\":960},{\"columnWidth\":\"auto\",\"columns\":2,\"maxWidth\":650},{\"columnWidth\":\"auto\",\"columns\":1,\"maxWidth\":450}],\"lightboxOptions\":{\"gallery\":{\"enabled\":true,\"tCounter\":\"%curr% of %total%\"}},\"overlayEffect\":\"direction-aware-fade\",\"boxesToLoadStart\":15,\"boxesToLoad\":10,\"waitUntilThumbLoads\":1,\"LoadingWord\":\"wird geladen...\",\"loadMoreWord\":\"Weitere laden\",\"noMoreEntriesWord\":\"Keine weiteren Bilder\",\"horizontalSpaceBetweenBoxes\":15,\"verticalSpaceBetweenBoxes\":15,\"lazyLoad\":1,\"noHoverOnMobile\":\"false\",\"wrapContainer\":\"#robo-gallery-wrap-rbs_gallery_69e0bb347497c\"};<\/script>\n\n\n\n<p><br>F\u00fcr Ausfl\u00fcge in die n\u00e4here Umgebung mit bekannten Sehensw\u00fcrdigkeiten finden sie bestimmt interessante Ziele, z.B. liegt die sch\u00f6ne Messestadt Leipzig nicht weit entfernt.<br>Dort gibt es unz\u00e4hlige M\u00f6glichkeiten f\u00fcr Aktivit\u00e4ten z.B. Zoo, Kino, Konzerte, Fu\u00dfball, Museen oder die Ausstellungen auf der neuen Messe. Um dorthin zu gelangen, kann man den \u00f6ffentlichen Busverkehr nutzen.<br>Nat\u00fcrlich haben auch kleinere St\u00e4dte etwas zu bieten, z.B. die Kreisstadt Delitzsch, Eilenburg, Taucha oder Bad D\u00fcben.<\/p>\n\n\n\n<p>Wer die Natur genie\u00dfen will, kann in der D\u00fcbener Heide spazieren gehen oder die Goitzsche mit dem Rad umrunden.<br>Sie sehen, ein Besuch lohnt auf jeden Fall! Wir freuen uns auf sie \u2013 seien Sie herzlich willkommen!<\/p>\n\n\n\n<h2 class=\"wp-block-heading\">Fahrzeiten zu Ausflugszielen<\/h2>\n\n\n\n<ul class=\"wp-block-list\">\n<li>BMW-Werk &#8211; 20 Autominuten<\/li>\n\n\n\n<li>Leipziger Messe &#8211; 20 Autominuten<\/li>\n\n\n\n<li>Zoo Leipzig &#8211; 35 Autominuten<\/li>\n\n\n\n<li>Flughafen Halle\/Leipzig &#8211; 35 Autominuten<\/li>\n\n\n\n<li>Bad D\u00fcben &#8211; 20 Autominuten<\/li>\n\n\n\n<li>Delitzsch &#8211; 20 Autominuten<\/li>\n<\/ul>\n\n\n\n<h2 class=\"wp-block-heading\">Preise pro \u00dcbernachtung incl. Nebenkosten und Reinigung<\/h2>\n\n\n\n<figure class=\"wp-block-table\"><table class=\"has-fixed-layout\"><tbody><tr><td>Anzahl Personen<\/td><td>ab 3 \u00dcN<\/td><td>Zuschlag f\u00fcr 1 und 2 N\u00e4chte<\/td><\/tr><tr><td>1 Person<\/td><td>45,00 \u20ac<\/td><td>25,00 \u20ac<\/td><\/tr><tr><td>2 Personen<\/td><td>65,00 \u20ac<\/td><td>25,00 \u20ac<\/td><\/tr><tr><td>3 Personen<\/td><td>80,00 \u20ac<\/td><td>25,00 \u20ac<\/td><\/tr><tr><td>Hund pro Tag<\/td><td>8,00 \u20ac<\/td><td><\/td><\/tr><\/tbody><\/table><\/figure>\n\n\n\n<p><strong>Bei l\u00e4ngerfristiger Nutzung ist ein Rabatt m\u00f6glich.<\/strong><\/p>\n\n\n\n<div class=\"wp-block-buttons is-layout-flex wp-block-buttons-is-layout-flex\">\n<div class=\"wp-block-button\"><a class=\"wp-block-button__link wp-element-button\" href=\"https:\/\/www.fewo-scheffler.de\/index.php\/kontakt\/\">Buchung anfragen<\/a><\/div>\n<\/div>\n","protected":false},"excerpt":{"rendered":"<p>Herzlich Willkommen \u2026in unserer sch\u00f6nen Ferienwohnung, mitten im Gr\u00fcnen. Hier ist Platz zum Relaxen, Fr\u00fchst\u00fcck auf der Terrasse, kurz eine Abk\u00fchlung im klaren Pool und &hellip;<\/p>\n","protected":false},"author":1,"featured_media":0,"parent":0,"menu_order":0,"comment_status":"closed","ping_status":"closed","template":"","meta":{"_themeisle_gutenberg_block_has_review":false,"footnotes":""},"class_list":["post-92","page","type-page","status-publish","hentry"],"_links":{"self":[{"href":"https:\/\/www.fewo-scheffler.de\/index.php\/wp-json\/wp\/v2\/pages\/92","targetHints":{"allow":["GET"]}}],"collection":[{"href":"https:\/\/www.fewo-scheffler.de\/index.php\/wp-json\/wp\/v2\/pages"}],"about":[{"href":"https:\/\/www.fewo-scheffler.de\/index.php\/wp-json\/wp\/v2\/types\/page"}],"author":[{"embeddable":true,"href":"https:\/\/www.fewo-scheffler.de\/index.php\/wp-json\/wp\/v2\/users\/1"}],"replies":[{"embeddable":true,"href":"https:\/\/www.fewo-scheffler.de\/index.php\/wp-json\/wp\/v2\/comments?post=92"}],"version-history":[{"count":38,"href":"https:\/\/www.fewo-scheffler.de\/index.php\/wp-json\/wp\/v2\/pages\/92\/revisions"}],"predecessor-version":[{"id":636,"href":"https:\/\/www.fewo-scheffler.de\/index.php\/wp-json\/wp\/v2\/pages\/92\/revisions\/636"}],"wp:attachment":[{"href":"https:\/\/www.fewo-scheffler.de\/index.php\/wp-json\/wp\/v2\/media?parent=92"}],"curies":[{"name":"wp","href":"https:\/\/api.w.org\/{rel}","templated":true}]}}